{"id":2,"date":"2024-01-04T12:34:43","date_gmt":"2024-01-04T12:34:43","guid":{"rendered":"https:\/\/soittosali.fi\/?page_id=2"},"modified":"2026-03-22T22:27:16","modified_gmt":"2026-03-22T20:27:16","slug":"sample-page","status":"publish","type":"page","link":"https:\/\/soittosali.fi\/","title":{"rendered":"Etusivu"},"content":{"rendered":"<p>[et_pb_section fb_built=&#8221;1&#8243; admin_label=&#8221;Hero Section&#8221; _builder_version=&#8221;4.23.4&#8243; use_background_color_gradient=&#8221;on&#8221; background_color_gradient_stops=&#8221;rgba(0,0,0,0.4) 0%|rgba(0,0,0,0.4) 100%&#8221; background_color_gradient_overlays_image=&#8221;on&#8221; background_color_gradient_start=&#8221;rgba(0,0,0,0.4)&#8221; background_color_gradient_end=&#8221;rgba(0,0,0,0.4)&#8221; background_image=&#8221;https:\/\/soittosali.fi\/wp-content\/uploads\/2024\/01\/20231231_145808-scaled.jpg&#8221; background_size=&#8221;contain&#8221; background_position=&#8221;top_center&#8221; width=&#8221;100%&#8221; module_alignment=&#8221;center&#8221; min_height=&#8221;1035.6px&#8221; custom_padding=&#8221;0.3%||2.1%|43px||&#8221; bottom_divider_height=&#8221;60px&#8221; background_last_edited=&#8221;on|phone&#8221; background_size_phone=&#8221;cover&#8221; background_position_phone=&#8221;bottom_right&#8221; background_horizontal_offset_phone=&#8221;40%&#8221; global_colors_info=&#8221;{}&#8221; background_color_gradient_direction__hover=&#8221;180deg&#8221; background_color_gradient_direction__hover_enabled=&#8221;180deg&#8221; background_color_gradient_start_position__hover=&#8221;0%&#8221; background_color_gradient_start_position__hover_enabled=&#8221;0%&#8221; background_color_gradient_end_position__hover=&#8221;100%&#8221; background_color_gradient_end_position__hover_enabled=&#8221;100%&#8221; background_color_gradient_stops__hover=&#8221;rgba(0,0,0,0.4) 0%|rgba(0,0,0,0.4) 100%&#8221;][et_pb_row _builder_version=&#8221;4.23.4&#8243; width=&#8221;87%&#8221; max_width=&#8221;872px&#8221; min_height=&#8221;695px&#8221; custom_margin=&#8221;-11px|auto|166px|auto||&#8221; custom_padding=&#8221;0px|0px||||&#8221; global_colors_info=&#8221;{}&#8221;][et_pb_column type=&#8221;4_4&#8243; _builder_version=&#8221;4.16&#8243; custom_padding=&#8221;|||&#8221; global_colors_info=&#8221;{}&#8221; custom_padding__hover=&#8221;|||&#8221;][et_pb_image src=&#8221;https:\/\/soittosali.fi\/wp-content\/uploads\/2024\/01\/Soittosali_logo_valkomusta.png&#8221; title_text=&#8221;Soittosali_logo_valkomusta&#8221; align=&#8221;center&#8221; _builder_version=&#8221;4.23.4&#8243; _module_preset=&#8221;default&#8221; width=&#8221;68.3%&#8221; width_tablet=&#8221;68.3%&#8221; width_phone=&#8221;99.2%&#8221; width_last_edited=&#8221;on|phone&#8221; module_alignment=&#8221;center&#8221; max_height=&#8221;265px&#8221; custom_margin=&#8221;-120px|98px|50px|-27px||&#8221; custom_padding=&#8221;165px|15px|0px|0px||&#8221; global_colors_info=&#8221;{}&#8221;][\/et_pb_image][et_pb_text _builder_version=&#8221;4.23.4&#8243; _module_preset=&#8221;default&#8221; text_text_color=&#8221;#FFFFFF&#8221; text_font_size=&#8221;20px&#8221; text_line_height=&#8221;1.3em&#8221; link_font=&#8221;||||on||||&#8221; link_text_color=&#8221;#FFFFFF&#8221; transform_scale=&#8221;120%|120%&#8221; transform_origin=&#8221;50%|58%&#8221; text_orientation=&#8221;center&#8221; width=&#8221;99.3%&#8221; module_alignment=&#8221;center&#8221; custom_margin=&#8221;-61px||59px|1px||&#8221; custom_padding=&#8221;97px|32px||5px||&#8221; text_font_size_tablet=&#8221;23px&#8221; text_font_size_phone=&#8221;17px&#8221; text_font_size_last_edited=&#8221;on|phone&#8221; global_colors_info=&#8221;{}&#8221;]<\/p>\n<p style=\"text-align: center;\">Ravintola Kaks Ruusun Soittosali tarjoaa el\u00e4v\u00e4\u00e4 musiikkia Varkauden keskustassa jo alkuillasta. Tyylik\u00e4s, intiimi sali ja baari muodostavat oivalliset puitteet musiikkiel\u00e4myksille. Esiintyj\u00e4t ovat aina kuuntelemisen arvoisia artisteja, olivatpa he jo miljoonia keikkakilometrej\u00e4 taivaltaneet tai vasta matkalla maineeseen.<\/p>\n<p style=\"text-align: center;\">Tervetuloa kuuntelemaan mukavaa musiikkia elegantilla estradilla!<\/p>\n<p>[\/et_pb_text][et_pb_button button_url=&#8221;#uutiskirje&#8221; button_text=&#8221;Tilaa uutiskirje s\u00e4hk\u00f6postiisi, niin pysyt vaivatta ajan tasalla!&#8221; button_alignment=&#8221;center&#8221; _builder_version=&#8221;4.25.2&#8243; _module_preset=&#8221;default&#8221; custom_button=&#8221;on&#8221; button_text_size=&#8221;15px&#8221; button_text_color=&#8221;#000000&#8243; button_bg_color=&#8221;#FFFFFF&#8221; button_border_width=&#8221;4px&#8221; button_border_radius=&#8221;14px&#8221; button_font=&#8221;|700|||||||&#8221; custom_margin=&#8221;|||-43px||&#8221; global_colors_info=&#8221;{}&#8221;][\/et_pb_button][\/et_pb_column][\/et_pb_row][et_pb_row _builder_version=&#8221;4.23.4&#8243; _module_preset=&#8221;default&#8221; global_colors_info=&#8221;{}&#8221;][et_pb_column type=&#8221;4_4&#8243; _builder_version=&#8221;4.23.4&#8243; _module_preset=&#8221;default&#8221; global_colors_info=&#8221;{}&#8221;][\/et_pb_column][\/et_pb_row][\/et_pb_section][et_pb_section fb_built=&#8221;1&#8243; admin_label=&#8221;About Section&#8221; _builder_version=&#8221;4.16&#8243; background_color=&#8221;#f7f7f7&#8243; min_height=&#8221;685.3px&#8221; custom_margin=&#8221;-176px|||||&#8221; custom_padding=&#8221;18px||26px|||&#8221; global_colors_info=&#8221;{}&#8221;][et_pb_row admin_label=&#8221;Section Title&#8221; _builder_version=&#8221;4.16&#8243; custom_margin=&#8221;|||&#8221; custom_padding=&#8221;27px|0px|1px|0px||&#8221; locked=&#8221;off&#8221; global_colors_info=&#8221;{}&#8221;][et_pb_column type=&#8221;4_4&#8243; _builder_version=&#8221;4.16&#8243; custom_padding=&#8221;|||&#8221; global_colors_info=&#8221;{}&#8221; custom_padding__hover=&#8221;|||&#8221;][et_pb_text admin_label=&#8221;Title&#8221; module_id=&#8221;keikat&#8221; module_class=&#8221;keikat&#8221; _builder_version=&#8221;4.23.1&#8243; text_font=&#8221;||||||||&#8221; header_font=&#8221;||||||||&#8221; header_2_font=&#8221;Montserrat|600||on|||||&#8221; header_2_text_align=&#8221;center&#8221; header_2_font_size=&#8221;46px&#8221; custom_margin=&#8221;||5px|&#8221; animation_style=&#8221;slide&#8221; animation_direction=&#8221;top&#8221; animation_intensity_slide=&#8221;20%&#8221; animation_starting_opacity=&#8221;100%&#8221; global_colors_info=&#8221;{}&#8221;]<\/p>\n<h2><span style=\"color: #ffffff;\">\u00a0<span style=\"color: #f7f7f7;\">keikat<\/span><\/span><\/h2>\n<p>[\/et_pb_text][\/et_pb_column][\/et_pb_row][et_pb_row _builder_version=&#8221;4.25.0&#8243; _module_preset=&#8221;default&#8221; custom_margin=&#8221;-33px|auto||auto||&#8221; global_colors_info=&#8221;{}&#8221;][et_pb_column type=&#8221;4_4&#8243; _builder_version=&#8221;4.27.4&#8243; _module_preset=&#8221;default&#8221; global_colors_info=&#8221;{}&#8221;][et_pb_image src=&#8221;https:\/\/soittosali.fi\/wp-content\/uploads\/2025\/11\/20251114_220119-scaled.jpg&#8221; title_text=&#8221;20251114_220119&#8243; _builder_version=&#8221;4.27.4&#8243; _module_preset=&#8221;default&#8221; global_colors_info=&#8221;{}&#8221;][\/et_pb_image][et_pb_text _builder_version=&#8221;4.27.5&#8243; _module_preset=&#8221;default&#8221; global_colors_info=&#8221;{}&#8221;]<\/p>\n<p style=\"text-align: center;\"><span style=\"color: #000000;\">Kuvassa Ilkka Rautiainen, toistaiseksi viimeinen esiintyj\u00e4 Room Full of Hendrix ja Kaks Ruusun is\u00e4nt\u00e4 Pekka Kinnunen<\/span><\/p>\n<p>[\/et_pb_text][et_pb_text _builder_version=&#8221;4.27.4&#8243; _module_preset=&#8221;default&#8221; text_font_size=&#8221;20px&#8221; global_colors_info=&#8221;{}&#8221;]<\/p>\n<p style=\"text-align: center;\"><span style=\"color: #000000;\">Soittosali kiitt\u00e4\u00e4 sinua n\u00e4ist\u00e4 kahdesta antoisasta vuodesta, joina olemme saaneet tuottaa iloa toisillemme!<\/span><\/p>\n<p style=\"text-align: center;\"><span style=\"color: #000000;\">Omasta puolestani l\u00e4mmin kiitos Kaks Ruusun is\u00e4nn\u00e4lle Pekka Kinnuselle, joka kutsui minut t\u00e4h\u00e4n hommaan ja on tukenut toimintaa innostuneesti sen kaikissa k\u00e4\u00e4nteiss\u00e4.<\/span><span style=\"color: #000000;\"><\/span><span style=\"color: #000000;\"><\/span><\/p>\n<p style=\"text-align: center;\"><span style=\"color: #000000;\">Tulevista keikoista on tullut paljon kyselyit\u00e4. Niit\u00e4 ei tule. Soittosali j\u00e4\u00e4 tauolle, koska ravintolalla niin paljon muuta \u201duutta purtavaa\u201d. Ilmoittelen, jos p\u00e4\u00e4semme jatkamaan keikkojen merkeiss\u00e4 ensi syksyn\u00e4 tai my\u00f6hemmin.<\/span><\/p>\n<p>&nbsp;<\/p>\n<p>&nbsp;<\/p>\n<p style=\"text-align: center;\"><span style=\"color: #000000;\">Kiitokset sinulle, joka olit menossa mukana!<\/span><\/p>\n<p style=\"text-align: center;\"><span style=\"color: #000000;\"><\/span><\/p>\n<p style=\"text-align: center;\"><span style=\"color: #000000;\">Ilkka Rautiainen, tuottaja<\/span><span style=\"color: #000000;\"><\/span><\/p>\n<p style=\"text-align: center;\"><span style=\"color: #000000;\"><\/span><\/p>\n<p>[\/et_pb_text][et_pb_divider show_divider=&#8221;off&#8221; _builder_version=&#8221;4.16&#8243; max_width=&#8221;23px&#8221; module_alignment=&#8221;center&#8221; animation_style=&#8221;slide&#8221; animation_direction=&#8221;top&#8221; animation_intensity_slide=&#8221;20%&#8221; animation_starting_opacity=&#8221;100%&#8221; global_colors_info=&#8221;{}&#8221;][\/et_pb_divider][\/et_pb_column][\/et_pb_row][et_pb_row _builder_version=&#8221;4.27.2&#8243; _module_preset=&#8221;default&#8221; global_colors_info=&#8221;{}&#8221;][et_pb_column type=&#8221;4_4&#8243; _builder_version=&#8221;4.23.4&#8243; _module_preset=&#8221;default&#8221; global_colors_info=&#8221;{}&#8221;][et_pb_text _builder_version=&#8221;4.27.2&#8243; _module_preset=&#8221;default&#8221; text_text_color=&#8221;#000000&#8243; text_font_size=&#8221;20px&#8221; global_colors_info=&#8221;{}&#8221;]<\/p>\n<p style=\"text-align: center;\"><span style=\"color: #f7f7f7;\">Liput my\u00f6s Ravintola Kaks Ruususta ma-pe 11-14 ja ovelta ennen esityst\u00e4 ellei keikka ole loppuunmyyty. Lippu.fi lis\u00e4\u00e4 hintaan palvelu- ja toimitusmaksun.<\/span><\/p>\n<p style=\"text-align: center;\"><span style=\"color: #f7f7f7;\">Ovet avautuvat tunti ennen esityst\u00e4.<\/span><\/p>\n<p>[\/et_pb_text][\/et_pb_column][\/et_pb_row][\/et_pb_section][et_pb_section fb_built=&#8221;1&#8243; disabled_on=&#8221;off|off|off&#8221; _builder_version=&#8221;4.23.4&#8243; _module_preset=&#8221;default&#8221; background_color=&#8221;#747474&#8243; custom_margin=&#8221;||||false|false&#8221; custom_padding=&#8221;||||false|false&#8221; global_colors_info=&#8221;{}&#8221;][et_pb_row admin_label=&#8221;Section Title&#8221; _builder_version=&#8221;4.16&#8243; custom_margin=&#8221;-67px|auto||auto||&#8221; custom_padding=&#8221;60px|0px|1px|0px||&#8221; locked=&#8221;off&#8221; global_colors_info=&#8221;{}&#8221;][et_pb_column type=&#8221;4_4&#8243; _builder_version=&#8221;4.16&#8243; custom_padding=&#8221;|||&#8221; global_colors_info=&#8221;{}&#8221; custom_padding__hover=&#8221;|||&#8221;][et_pb_text admin_label=&#8221;Title&#8221; module_id=&#8221;yhteystiedot&#8221; module_class=&#8221;yhteystiedot&#8221; _builder_version=&#8221;4.23.1&#8243; text_font=&#8221;||||||||&#8221; header_font=&#8221;||||||||&#8221; header_2_font=&#8221;Montserrat|600||on|||||&#8221; header_2_text_align=&#8221;center&#8221; header_2_text_color=&#8221;#FFFFFF&#8221; header_2_font_size=&#8221;46px&#8221; custom_margin=&#8221;||5px|&#8221; animation_style=&#8221;slide&#8221; animation_direction=&#8221;top&#8221; animation_intensity_slide=&#8221;20%&#8221; animation_starting_opacity=&#8221;100%&#8221; header_2_font_size_tablet=&#8221;46px&#8221; header_2_font_size_phone=&#8221;35px&#8221; header_2_font_size_last_edited=&#8221;on|phone&#8221; global_colors_info=&#8221;{}&#8221;]<\/p>\n<h2>Yhteystiedot<\/h2>\n<p>[\/et_pb_text][et_pb_divider show_divider=&#8221;off&#8221; _builder_version=&#8221;4.16&#8243; max_width=&#8221;23px&#8221; module_alignment=&#8221;center&#8221; animation_style=&#8221;slide&#8221; animation_direction=&#8221;top&#8221; animation_intensity_slide=&#8221;20%&#8221; animation_starting_opacity=&#8221;100%&#8221; global_colors_info=&#8221;{}&#8221;][\/et_pb_divider][\/et_pb_column][\/et_pb_row][et_pb_row column_structure=&#8221;1_3,1_3,1_3&#8243; _builder_version=&#8221;4.23.1&#8243; _module_preset=&#8221;default&#8221; global_colors_info=&#8221;{}&#8221;][et_pb_column type=&#8221;1_3&#8243; _builder_version=&#8221;4.23.1&#8243; _module_preset=&#8221;default&#8221; global_colors_info=&#8221;{}&#8221;][et_pb_text _builder_version=&#8221;4.24.2&#8243; _module_preset=&#8221;default&#8221; text_text_color=&#8221;#FFFFFF&#8221; text_font_size=&#8221;20px&#8221; text_line_height=&#8221;1.1em&#8221; link_font=&#8221;||||on||||&#8221; link_text_color=&#8221;#FFFFFF&#8221; header_3_text_color=&#8221;#FFFFFF&#8221; custom_padding=&#8221;0px|||||&#8221; global_colors_info=&#8221;{}&#8221;]<\/p>\n<h3><strong>Osoite<\/strong><\/h3>\n<p>Ravintola Kaks Ruusua<br \/>Ahlstr\u00f6minkatu 25<br \/>78250 Varkaus<\/p>\n<p><a href=\"https:\/\/kaksruusua.fi\/\">kaksruusua.fi<\/a><\/p>\n<p><span>040 350 8420<\/span><\/p>\n<p><span>myynti@kaksruusua.fi<\/span><\/p>\n<p>[\/et_pb_text][\/et_pb_column][et_pb_column type=&#8221;1_3&#8243; _builder_version=&#8221;4.23.1&#8243; _module_preset=&#8221;default&#8221; global_colors_info=&#8221;{}&#8221;][et_pb_text _builder_version=&#8221;4.23.4&#8243; _module_preset=&#8221;default&#8221; text_text_color=&#8221;#FFFFFF&#8221; text_font_size=&#8221;20px&#8221; global_colors_info=&#8221;{}&#8221;]<\/p>\n<p><strong>Tuottaja<br \/><\/strong>Ilkka Rautiainen<br \/>040 58 77724<\/p>\n<p>[\/et_pb_text][et_pb_text module_id=&#8221;uutiskirje&#8221; module_class=&#8221;uutiskirje&#8221; _builder_version=&#8221;4.27.4&#8243; _module_preset=&#8221;default&#8221; text_text_color=&#8221;#FFFFFF&#8221; text_font_size=&#8221;20px&#8221; header_3_text_color=&#8221;#FFFFFF&#8221; min_height=&#8221;169.6px&#8221; custom_margin=&#8221;-40px|||||&#8221; custom_padding=&#8221;33px|||||&#8221; global_colors_info=&#8221;{}&#8221;]<\/p>\n<p><strong><label>Uutiskirjetilaus t\u00e4st\u00e4:<\/label><\/strong><\/p>\n<p><strong><script>(function() {\n\twindow.mc4wp = window.mc4wp || {\n\t\tlisteners: [],\n\t\tforms: {\n\t\t\ton: function(evt, cb) {\n\t\t\t\twindow.mc4wp.listeners.push(\n\t\t\t\t\t{\n\t\t\t\t\t\tevent   : evt,\n\t\t\t\t\t\tcallback: cb\n\t\t\t\t\t}\n\t\t\t\t);\n\t\t\t}\n\t\t}\n\t}\n})();\n<\/script><!-- Mailchimp for WordPress v4.12.1 - https:\/\/wordpress.org\/plugins\/mailchimp-for-wp\/ --><form id=\"mc4wp-form-1\" class=\"mc4wp-form mc4wp-form-64\" method=\"post\" data-id=\"64\" data-name=\"Uutiskirje\" ><div class=\"mc4wp-form-fields\"><p>\r\n\t<label>S\u00e4hk\u00f6postiosoite: \r\n\t\t<input type=\"email\" name=\"EMAIL\" placeholder=\"S\u00e4hk\u00f6postiosoite\" required \/>\r\n<\/label>\r\n<\/p>\r\n\r\n<p>\r\n\t<input type=\"submit\" value=\"Tilaa\" \/>\r\n<\/p><\/div><label style=\"display: none !important;\">Leave this field empty if you're human: <input type=\"text\" name=\"_mc4wp_honeypot\" value=\"\" tabindex=\"-1\" autocomplete=\"off\" \/><\/label><input type=\"hidden\" name=\"_mc4wp_timestamp\" value=\"1776168964\" \/><input type=\"hidden\" name=\"_mc4wp_form_id\" value=\"64\" \/><input type=\"hidden\" name=\"_mc4wp_form_element_id\" value=\"mc4wp-form-1\" \/><div class=\"mc4wp-response\"><\/div><\/form><!-- \/ Mailchimp for WordPress Plugin --><\/strong><\/p>\n<form id=\"mc4wp-form-1\" class=\"mc4wp-form mc4wp-form-64\" method=\"post\" data-id=\"64\" data-name=\"Uutiskirje\">\n<p><label style=\"display: none !important;\">Leave this field empty if you&#8217;re human: <input type=\"text\" name=\"_mc4wp_honeypot\" value=\"\" autocomplete=\"off\" tabindex=\"-1\" \/><\/label><input type=\"hidden\" name=\"_mc4wp_timestamp\" value=\"1705231139\" \/><input type=\"hidden\" name=\"_mc4wp_form_id\" value=\"64\" \/><input type=\"hidden\" name=\"_mc4wp_form_element_id\" value=\"mc4wp-form-1\" \/><\/p>\n<\/form>\n<p><!-- \/ Mailchimp for WordPress Plugin --><\/p>\n<p>[\/et_pb_text][et_pb_text _builder_version=&#8221;4.23.4&#8243; _module_preset=&#8221;default&#8221; text_text_color=&#8221;#FFFFFF&#8221; text_font_size=&#8221;20px&#8221; header_3_text_color=&#8221;#FFFFFF&#8221; text_orientation=&#8221;center&#8221; width=&#8221;181.8%&#8221; custom_margin=&#8221;|||-474px||&#8221; custom_padding=&#8221;|||73px||&#8221; global_colors_info=&#8221;{}&#8221;][\/et_pb_text][\/et_pb_column][et_pb_column type=&#8221;1_3&#8243; _builder_version=&#8221;4.23.1&#8243; _module_preset=&#8221;default&#8221; global_colors_info=&#8221;{}&#8221;][\/et_pb_column][\/et_pb_row][\/et_pb_section][et_pb_section fb_built=&#8221;1&#8243; _builder_version=&#8221;4.25.0&#8243; _module_preset=&#8221;default&#8221; global_colors_info=&#8221;{}&#8221;][\/et_pb_section]<\/p>\n","protected":false},"excerpt":{"rendered":"<p>Ravintola Kaks Ruusun Soittosali tarjoaa el\u00e4v\u00e4\u00e4 musiikkia Varkauden keskustassa jo alkuillasta. Tyylik\u00e4s, intiimi sali ja baari muodostavat oivalliset puitteet musiikkiel\u00e4myksille. Esiintyj\u00e4t ovat aina kuuntelemisen arvoisia artisteja, olivatpa he jo miljoonia keikkakilometrej\u00e4 taivaltaneet tai vasta matkalla maineeseen. Tervetuloa kuuntelemaan mukavaa musiikkia elegantilla estradilla!\u00a0keikatKuvassa Ilkka Rautiainen, toistaiseksi viimeinen esiintyj\u00e4 Room Full of Hendrix ja Kaks Ruusun is\u00e4nt\u00e4 [&hellip;]<\/p>\n","protected":false},"author":2,"featured_media":0,"parent":0,"menu_order":0,"comment_status":"closed","ping_status":"open","template":"","meta":{"_et_pb_use_builder":"on","_et_pb_old_content":"<!-- wp:paragraph -->\n<p>This is an example page. It's different from a blog post because it will stay in one place and will show up in your site navigation (in most themes). Most people start with an About page that introduces them to potential site visitors. It might say something like this:<\/p>\n<!-- \/wp:paragraph -->\n\n<!-- wp:quote -->\n<blockquote class=\"wp-block-quote\"><!-- wp:paragraph -->\n<p>Hi there! I'm a bike messenger by day, aspiring actor by night, and this is my website. I live in Los Angeles, have a great dog named Jack, and I like pi\u00f1a coladas. (And gettin' caught in the rain.)<\/p>\n<!-- \/wp:paragraph --><\/blockquote>\n<!-- \/wp:quote -->\n\n<!-- wp:paragraph -->\n<p>...or something like this:<\/p>\n<!-- \/wp:paragraph -->\n\n<!-- wp:quote -->\n<blockquote class=\"wp-block-quote\"><!-- wp:paragraph -->\n<p>The XYZ Doohickey Company was founded in 1971, and has been providing quality doohickeys to the public ever since. Located in Gotham City, XYZ employs over 2,000 people and does all kinds of awesome things for the Gotham community.<\/p>\n<!-- \/wp:paragraph --><\/blockquote>\n<!-- \/wp:quote -->\n\n<!-- wp:paragraph -->\n<p>As a new WordPress user, you should go to <a href=\"https:\/\/soittosali.fi\/wp-admin\/\">your dashboard<\/a> to delete this page and create new pages for your content. Have fun!<\/p>\n<!-- \/wp:paragraph -->","_et_gb_content_width":"","footnotes":""},"class_list":["post-2","page","type-page","status-publish","hentry"],"yoast_head":"<!-- This site is optimized with the Yoast SEO plugin v27.3 - https:\/\/yoast.com\/product\/yoast-seo-wordpress\/ -->\n<title>Etusivu - Soittosali<\/title>\n<meta name=\"robots\" content=\"index, follow, max-snippet:-1, max-image-preview:large, max-video-preview:-1\" \/>\n<link rel=\"canonical\" href=\"https:\/\/soittosali.fi\/\" \/>\n<meta property=\"og:locale\" content=\"fi_FI\" \/>\n<meta property=\"og:type\" content=\"article\" \/>\n<meta property=\"og:title\" content=\"Etusivu - Soittosali\" \/>\n<meta property=\"og:description\" content=\"Ravintola Kaks Ruusun Soittosali tarjoaa el\u00e4v\u00e4\u00e4 musiikkia Varkauden keskustassa jo alkuillasta. Tyylik\u00e4s, intiimi sali ja baari muodostavat oivalliset puitteet musiikkiel\u00e4myksille. Esiintyj\u00e4t ovat aina kuuntelemisen arvoisia artisteja, olivatpa he jo miljoonia keikkakilometrej\u00e4 taivaltaneet tai vasta matkalla maineeseen. Tervetuloa kuuntelemaan mukavaa musiikkia elegantilla estradilla!\u00a0keikatKuvassa Ilkka Rautiainen, toistaiseksi viimeinen esiintyj\u00e4 Room Full of Hendrix ja Kaks Ruusun is\u00e4nt\u00e4 [&hellip;]\" \/>\n<meta property=\"og:url\" content=\"https:\/\/soittosali.fi\/\" \/>\n<meta property=\"og:site_name\" content=\"Soittosali\" \/>\n<meta property=\"article:modified_time\" content=\"2026-03-22T20:27:16+00:00\" \/>\n<meta name=\"twitter:card\" content=\"summary_large_image\" \/>\n<script type=\"application\/ld+json\" class=\"yoast-schema-graph\">{\"@context\":\"https:\\\/\\\/schema.org\",\"@graph\":[{\"@type\":\"WebPage\",\"@id\":\"https:\\\/\\\/soittosali.fi\\\/\",\"url\":\"https:\\\/\\\/soittosali.fi\\\/\",\"name\":\"Etusivu - Soittosali\",\"isPartOf\":{\"@id\":\"https:\\\/\\\/soittosali.fi\\\/#website\"},\"datePublished\":\"2024-01-04T12:34:43+00:00\",\"dateModified\":\"2026-03-22T20:27:16+00:00\",\"breadcrumb\":{\"@id\":\"https:\\\/\\\/soittosali.fi\\\/#breadcrumb\"},\"inLanguage\":\"fi\",\"potentialAction\":[{\"@type\":\"ReadAction\",\"target\":[\"https:\\\/\\\/soittosali.fi\\\/\"]}]},{\"@type\":\"BreadcrumbList\",\"@id\":\"https:\\\/\\\/soittosali.fi\\\/#breadcrumb\",\"itemListElement\":[{\"@type\":\"ListItem\",\"position\":1,\"name\":\"Etusivu\",\"item\":\"https:\\\/\\\/soittosali.fi\\\/\"},{\"@type\":\"ListItem\",\"position\":2,\"name\":\"Etusivu\"}]},{\"@type\":\"WebSite\",\"@id\":\"https:\\\/\\\/soittosali.fi\\\/#website\",\"url\":\"https:\\\/\\\/soittosali.fi\\\/\",\"name\":\"Soittosali\",\"description\":\"El\u00e4v\u00e4\u00e4 musiikkia elegantissa ymp\u00e4rist\u00f6ss\u00e4\",\"potentialAction\":[{\"@type\":\"SearchAction\",\"target\":{\"@type\":\"EntryPoint\",\"urlTemplate\":\"https:\\\/\\\/soittosali.fi\\\/?s={search_term_string}\"},\"query-input\":{\"@type\":\"PropertyValueSpecification\",\"valueRequired\":true,\"valueName\":\"search_term_string\"}}],\"inLanguage\":\"fi\"}]}<\/script>\n<!-- \/ Yoast SEO plugin. -->","yoast_head_json":{"title":"Etusivu - Soittosali","robots":{"index":"index","follow":"follow","max-snippet":"max-snippet:-1","max-image-preview":"max-image-preview:large","max-video-preview":"max-video-preview:-1"},"canonical":"https:\/\/soittosali.fi\/","og_locale":"fi_FI","og_type":"article","og_title":"Etusivu - Soittosali","og_description":"Ravintola Kaks Ruusun Soittosali tarjoaa el\u00e4v\u00e4\u00e4 musiikkia Varkauden keskustassa jo alkuillasta. Tyylik\u00e4s, intiimi sali ja baari muodostavat oivalliset puitteet musiikkiel\u00e4myksille. Esiintyj\u00e4t ovat aina kuuntelemisen arvoisia artisteja, olivatpa he jo miljoonia keikkakilometrej\u00e4 taivaltaneet tai vasta matkalla maineeseen. Tervetuloa kuuntelemaan mukavaa musiikkia elegantilla estradilla!\u00a0keikatKuvassa Ilkka Rautiainen, toistaiseksi viimeinen esiintyj\u00e4 Room Full of Hendrix ja Kaks Ruusun is\u00e4nt\u00e4 [&hellip;]","og_url":"https:\/\/soittosali.fi\/","og_site_name":"Soittosali","article_modified_time":"2026-03-22T20:27:16+00:00","twitter_card":"summary_large_image","schema":{"@context":"https:\/\/schema.org","@graph":[{"@type":"WebPage","@id":"https:\/\/soittosali.fi\/","url":"https:\/\/soittosali.fi\/","name":"Etusivu - Soittosali","isPartOf":{"@id":"https:\/\/soittosali.fi\/#website"},"datePublished":"2024-01-04T12:34:43+00:00","dateModified":"2026-03-22T20:27:16+00:00","breadcrumb":{"@id":"https:\/\/soittosali.fi\/#breadcrumb"},"inLanguage":"fi","potentialAction":[{"@type":"ReadAction","target":["https:\/\/soittosali.fi\/"]}]},{"@type":"BreadcrumbList","@id":"https:\/\/soittosali.fi\/#breadcrumb","itemListElement":[{"@type":"ListItem","position":1,"name":"Etusivu","item":"https:\/\/soittosali.fi\/"},{"@type":"ListItem","position":2,"name":"Etusivu"}]},{"@type":"WebSite","@id":"https:\/\/soittosali.fi\/#website","url":"https:\/\/soittosali.fi\/","name":"Soittosali","description":"El\u00e4v\u00e4\u00e4 musiikkia elegantissa ymp\u00e4rist\u00f6ss\u00e4","potentialAction":[{"@type":"SearchAction","target":{"@type":"EntryPoint","urlTemplate":"https:\/\/soittosali.fi\/?s={search_term_string}"},"query-input":{"@type":"PropertyValueSpecification","valueRequired":true,"valueName":"search_term_string"}}],"inLanguage":"fi"}]}},"_links":{"self":[{"href":"https:\/\/soittosali.fi\/index.php?rest_route=\/wp\/v2\/pages\/2","targetHints":{"allow":["GET"]}}],"collection":[{"href":"https:\/\/soittosali.fi\/index.php?rest_route=\/wp\/v2\/pages"}],"about":[{"href":"https:\/\/soittosali.fi\/index.php?rest_route=\/wp\/v2\/types\/page"}],"author":[{"embeddable":true,"href":"https:\/\/soittosali.fi\/index.php?rest_route=\/wp\/v2\/users\/2"}],"replies":[{"embeddable":true,"href":"https:\/\/soittosali.fi\/index.php?rest_route=%2Fwp%2Fv2%2Fcomments&post=2"}],"version-history":[{"count":306,"href":"https:\/\/soittosali.fi\/index.php?rest_route=\/wp\/v2\/pages\/2\/revisions"}],"predecessor-version":[{"id":769,"href":"https:\/\/soittosali.fi\/index.php?rest_route=\/wp\/v2\/pages\/2\/revisions\/769"}],"wp:attachment":[{"href":"https:\/\/soittosali.fi\/index.php?rest_route=%2Fwp%2Fv2%2Fmedia&parent=2"}],"curies":[{"name":"wp","href":"https:\/\/api.w.org\/{rel}","templated":true}]}}